{"id":94,"date":"2022-12-25T10:33:19","date_gmt":"2022-12-25T09:33:19","guid":{"rendered":"https:\/\/area45.it\/index.php\/work\/"},"modified":"2023-06-15T12:14:16","modified_gmt":"2023-06-15T10:14:16","slug":"il-nostro-stile","status":"publish","type":"page","link":"https:\/\/area45.it\/index.php\/il-nostro-stile\/","title":{"rendered":"Valori"},"content":{"rendered":"\t\t<div data-elementor-type=\"wp-page\" data-elementor-id=\"94\" class=\"elementor elementor-94\" data-elementor-post-type=\"page\">\n\t\t\t\t\t\t<section class=\"elementor-section elementor-top-section elementor-element elementor-element-4138a8f elementor-section-boxed elementor-section-height-default elementor-section-height-default\" data-id=\"4138a8f\" data-element_type=\"section\" data-e-type=\"section\">\n\t\t\t\t\t\t<div class=\"elementor-container elementor-column-gap-no\">\n\t\t\t\t\t<div class=\"elementor-column elementor-col-100 elementor-top-column elementor-element elementor-element-3cc8cd57\" data-id=\"3cc8cd57\" data-element_type=\"column\" data-e-type=\"column\">\n\t\t\t<div class=\"elementor-widget-wrap elementor-element-populated\">\n\t\t\t\t\t\t<div class=\"elementor-element elementor-element-a7e3993 elementor-widget elementor-widget-heading\" data-id=\"a7e3993\" data-element_type=\"widget\" data-e-type=\"widget\" data-widget_type=\"heading.default\">\n\t\t\t\t<div class=\"elementor-widget-container\">\n\t\t\t\t\t<h1 class=\"elementor-heading-title elementor-size-default\">Il nostro stile<\/h1>\t\t\t\t<\/div>\n\t\t\t\t<\/div>\n\t\t\t\t<div class=\"elementor-element elementor-element-eee7fc1 elementor-widget elementor-widget-text-editor\" data-id=\"eee7fc1\" data-element_type=\"widget\" data-e-type=\"widget\" data-widget_type=\"text-editor.default\">\n\t\t\t\t<div class=\"elementor-widget-container\">\n\t\t\t\t\t\t\t\t\t<p>I principali valori che compongono la nostra etica lavorativa e professionale<\/p>\t\t\t\t\t\t\t\t<\/div>\n\t\t\t\t<\/div>\n\t\t\t\t\t<\/div>\n\t\t<\/div>\n\t\t\t\t\t<\/div>\n\t\t<\/section>\n\t\t<div class=\"elementor-element elementor-element-da7cbec e-flex e-con-boxed e-con e-parent\" data-id=\"da7cbec\" data-element_type=\"container\" data-e-type=\"container\">\n\t\t\t\t\t<div class=\"e-con-inner\">\n\t\t<div class=\"elementor-element elementor-element-abeb8cb e-con-full e-flex e-con e-child\" data-id=\"abeb8cb\" data-element_type=\"container\" data-e-type=\"container\">\n\t\t\t\t<div class=\"elementor-element elementor-element-1e84254 elementor-widget elementor-widget-image\" data-id=\"1e84254\" data-element_type=\"widget\" data-e-type=\"widget\" data-widget_type=\"image.default\">\n\t\t\t\t<div class=\"elementor-widget-container\">\n\t\t\t\t\t\t\t\t\t\t\t\t\t\t\t<img fetchpriority=\"high\" decoding=\"async\" width=\"800\" height=\"800\" src=\"https:\/\/area45.it\/wp-content\/uploads\/2023\/05\/squadra.svg\" class=\"attachment-large size-large wp-image-518\" alt=\"Fiducia\" \/>\t\t\t\t\t\t\t\t\t\t\t\t\t\t\t<\/div>\n\t\t\t\t<\/div>\n\t\t\t\t<div class=\"elementor-element elementor-element-575f8c4 elementor-widget elementor-widget-heading\" data-id=\"575f8c4\" data-element_type=\"widget\" data-e-type=\"widget\" data-widget_type=\"heading.default\">\n\t\t\t\t<div class=\"elementor-widget-container\">\n\t\t\t\t\t<h2 class=\"elementor-heading-title elementor-size-default\">fiducia<\/h2>\t\t\t\t<\/div>\n\t\t\t\t<\/div>\n\t\t\t\t<div class=\"elementor-element elementor-element-85a902f elementor-widget elementor-widget-text-editor\" data-id=\"85a902f\" data-element_type=\"widget\" data-e-type=\"widget\" data-widget_type=\"text-editor.default\">\n\t\t\t\t<div class=\"elementor-widget-container\">\n\t\t\t\t\t\t\t\t\t<p>Ogni nostro operatore, sia esso addetto alla gestione operativa, svolge con un forte senso di responsabilit\u00e0 e collaborazione la propria parte nell&#8217;esecuzione del servizi richiesto. Questo atteggiamento proattivo permette la creazione di rapporti di fiducia.<\/p>\t\t\t\t\t\t\t\t<\/div>\n\t\t\t\t<\/div>\n\t\t\t\t<\/div>\n\t\t<div class=\"elementor-element elementor-element-97f1f45 e-con-full e-flex e-con e-child\" data-id=\"97f1f45\" data-element_type=\"container\" data-e-type=\"container\">\n\t\t\t\t<div class=\"elementor-element elementor-element-594170d elementor-widget elementor-widget-image\" data-id=\"594170d\" data-element_type=\"widget\" data-e-type=\"widget\" data-widget_type=\"image.default\">\n\t\t\t\t<div class=\"elementor-widget-container\">\n\t\t\t\t\t\t\t\t\t\t\t\t\t\t\t<img decoding=\"async\" width=\"800\" height=\"800\" src=\"https:\/\/area45.it\/wp-content\/uploads\/2023\/05\/affidabilita.svg\" class=\"attachment-large size-large wp-image-511\" alt=\"Affidabilit\u00e0\" \/>\t\t\t\t\t\t\t\t\t\t\t\t\t\t\t<\/div>\n\t\t\t\t<\/div>\n\t\t\t\t<div class=\"elementor-element elementor-element-e8c6e8d elementor-widget elementor-widget-heading\" data-id=\"e8c6e8d\" data-element_type=\"widget\" data-e-type=\"widget\" data-widget_type=\"heading.default\">\n\t\t\t\t<div class=\"elementor-widget-container\">\n\t\t\t\t\t<h2 class=\"elementor-heading-title elementor-size-default\">Affidabilit\u00e0<\/h2>\t\t\t\t<\/div>\n\t\t\t\t<\/div>\n\t\t\t\t<div class=\"elementor-element elementor-element-67958c3 elementor-widget elementor-widget-text-editor\" data-id=\"67958c3\" data-element_type=\"widget\" data-e-type=\"widget\" data-widget_type=\"text-editor.default\">\n\t\t\t\t<div class=\"elementor-widget-container\">\n\t\t\t\t\t\t\t\t\t<p>Tendiamo ad acquisire gli ordini con un elevato profilo di responsabilit\u00e0 che fa giungere al nostro cliente il valore della nostra affidabilit\u00e0. Dall&#8217;aspetto pi\u00f9 scontato legato legato al viaggiare in sicurezza, all&#8217;affiancamento agli autisti di personale operativo con esperienza, che li supporta in ogni tipo di necessit\u00e0, alla verifica dell&#8217;avvenuta consegna con successo e senza riserve.<\/p>\t\t\t\t\t\t\t\t<\/div>\n\t\t\t\t<\/div>\n\t\t\t\t<\/div>\n\t\t\t\t\t<\/div>\n\t\t\t\t<\/div>\n\t\t<div class=\"elementor-element elementor-element-c5e17b5 e-flex e-con-boxed e-con e-parent\" data-id=\"c5e17b5\" data-element_type=\"container\" data-e-type=\"container\">\n\t\t\t\t\t<div class=\"e-con-inner\">\n\t\t<div class=\"elementor-element elementor-element-09eb7f8 e-con-full e-flex e-con e-child\" data-id=\"09eb7f8\" data-element_type=\"container\" data-e-type=\"container\">\n\t\t\t\t<div class=\"elementor-element elementor-element-b3b59a8 elementor-widget elementor-widget-image\" data-id=\"b3b59a8\" data-element_type=\"widget\" data-e-type=\"widget\" data-widget_type=\"image.default\">\n\t\t\t\t<div class=\"elementor-widget-container\">\n\t\t\t\t\t\t\t\t\t\t\t\t\t\t\t<img decoding=\"async\" width=\"800\" height=\"800\" src=\"https:\/\/area45.it\/wp-content\/uploads\/2023\/05\/affidabilita-copia.svg\" class=\"attachment-large size-large wp-image-510\" alt=\"Squadra\" \/>\t\t\t\t\t\t\t\t\t\t\t\t\t\t\t<\/div>\n\t\t\t\t<\/div>\n\t\t\t\t<div class=\"elementor-element elementor-element-7568997 elementor-widget elementor-widget-heading\" data-id=\"7568997\" data-element_type=\"widget\" data-e-type=\"widget\" data-widget_type=\"heading.default\">\n\t\t\t\t<div class=\"elementor-widget-container\">\n\t\t\t\t\t<h2 class=\"elementor-heading-title elementor-size-default\">squadra<\/h2>\t\t\t\t<\/div>\n\t\t\t\t<\/div>\n\t\t\t\t<div class=\"elementor-element elementor-element-291be8a elementor-widget elementor-widget-text-editor\" data-id=\"291be8a\" data-element_type=\"widget\" data-e-type=\"widget\" data-widget_type=\"text-editor.default\">\n\t\t\t\t<div class=\"elementor-widget-container\">\n\t\t\t\t\t\t\t\t\t<p>La nostra caratteristica peculiare \u00e8 &#8220;valorizzare il lavoro di ognuno&#8221;, facendo scaturire una forte sinergia che deriva dal lavoro di squadra. Vogliamo fare squadra a raggio allargato coinvolgendo anche la nostra clientela.<\/p>\t\t\t\t\t\t\t\t<\/div>\n\t\t\t\t<\/div>\n\t\t\t\t<\/div>\n\t\t<div class=\"elementor-element elementor-element-5e0a43d e-con-full e-flex e-con e-child\" data-id=\"5e0a43d\" data-element_type=\"container\" data-e-type=\"container\">\n\t\t\t\t<div class=\"elementor-element elementor-element-9a4be32 elementor-widget elementor-widget-image\" data-id=\"9a4be32\" data-element_type=\"widget\" data-e-type=\"widget\" data-widget_type=\"image.default\">\n\t\t\t\t<div class=\"elementor-widget-container\">\n\t\t\t\t\t\t\t\t\t\t\t\t\t\t\t<img loading=\"lazy\" decoding=\"async\" width=\"800\" height=\"800\" src=\"https:\/\/area45.it\/wp-content\/uploads\/2023\/05\/puntualita.svg\" class=\"attachment-large size-large wp-image-513\" alt=\"Puntualit\u00e0\" \/>\t\t\t\t\t\t\t\t\t\t\t\t\t\t\t<\/div>\n\t\t\t\t<\/div>\n\t\t\t\t<div class=\"elementor-element elementor-element-12f3c59 elementor-widget elementor-widget-heading\" data-id=\"12f3c59\" data-element_type=\"widget\" data-e-type=\"widget\" data-widget_type=\"heading.default\">\n\t\t\t\t<div class=\"elementor-widget-container\">\n\t\t\t\t\t<h2 class=\"elementor-heading-title elementor-size-default\">Puntualit\u00e0<\/h2>\t\t\t\t<\/div>\n\t\t\t\t<\/div>\n\t\t\t\t<div class=\"elementor-element elementor-element-aea6d5c elementor-widget elementor-widget-text-editor\" data-id=\"aea6d5c\" data-element_type=\"widget\" data-e-type=\"widget\" data-widget_type=\"text-editor.default\">\n\t\t\t\t<div class=\"elementor-widget-container\">\n\t\t\t\t\t\t\t\t\t<p>Cerchiamo di sincronizzare le esigenze sia di chi consegna che di chi riceve, ridistribuiamo il carico di lavoro sulla base della disponibilit\u00e0 lavorativa di ogni unit\u00e0 produttiva in modo da evitare eventuali problematiche collegate ai tempi di consegna, al fine di perseguire un alto livello di puntualit\u00e0<\/p>\t\t\t\t\t\t\t\t<\/div>\n\t\t\t\t<\/div>\n\t\t\t\t<\/div>\n\t\t\t\t\t<\/div>\n\t\t\t\t<\/div>\n\t\t\t\t<\/div>\n\t\t","protected":false},"excerpt":{"rendered":"<p>Il nostro stile I principali valori che compongono la nostra etica lavorativa e professionale fiducia Ogni nostro operatore, sia esso addetto alla gestione operativa, svolge con un forte senso di responsabilit\u00e0 e collaborazione la propria parte nell&#8217;esecuzione del servizi richiesto. Questo atteggiamento proattivo permette la creazione di rapporti di fiducia. Affidabilit\u00e0 Tendiamo ad acquisire gli [&hellip;]<\/p>\n","protected":false},"author":1,"featured_media":0,"parent":0,"menu_order":0,"comment_status":"closed","ping_status":"closed","template":"elementor_header_footer","meta":{"footnotes":""},"class_list":["post-94","page","type-page","status-publish","hentry"],"yoast_head":"<!-- This site is optimized with the Yoast SEO plugin v26.8 - https:\/\/yoast.com\/product\/yoast-seo-wordpress\/ -->\n<title>Il nostro stile<\/title>\n<meta name=\"description\" content=\"Il nostro stile. I principali valori che compongono la nostra etica lavorativa e professionale: fiducia, puntualit\u00e0, affidabilit\u00e0 e squadra.\" \/>\n<meta name=\"robots\" content=\"index, follow, max-snippet:-1, max-image-preview:large, max-video-preview:-1\" \/>\n<link rel=\"canonical\" href=\"https:\/\/area45.it\/index.php\/il-nostro-stile\/\" \/>\n<meta property=\"og:locale\" content=\"it_IT\" \/>\n<meta property=\"og:type\" content=\"article\" \/>\n<meta property=\"og:title\" content=\"Il nostro stile\" \/>\n<meta property=\"og:description\" content=\"Il nostro stile. I principali valori che compongono la nostra etica lavorativa e professionale: fiducia, puntualit\u00e0, affidabilit\u00e0 e squadra.\" \/>\n<meta property=\"og:url\" content=\"https:\/\/area45.it\/index.php\/il-nostro-stile\/\" \/>\n<meta property=\"og:site_name\" content=\"Area 45\" \/>\n<meta property=\"article:modified_time\" content=\"2023-06-15T10:14:16+00:00\" \/>\n<meta property=\"og:image\" content=\"https:\/\/area45.it\/wp-content\/uploads\/2023\/05\/squadra.svg\" \/>\n<meta name=\"twitter:card\" content=\"summary_large_image\" \/>\n<meta name=\"twitter:label1\" content=\"Tempo di lettura stimato\" \/>\n\t<meta name=\"twitter:data1\" content=\"2 minuti\" \/>\n<script type=\"application\/ld+json\" class=\"yoast-schema-graph\">{\"@context\":\"https:\/\/schema.org\",\"@graph\":[{\"@type\":\"WebPage\",\"@id\":\"https:\/\/area45.it\/index.php\/il-nostro-stile\/\",\"url\":\"https:\/\/area45.it\/index.php\/il-nostro-stile\/\",\"name\":\"Il nostro stile\",\"isPartOf\":{\"@id\":\"https:\/\/area45.it\/#website\"},\"primaryImageOfPage\":{\"@id\":\"https:\/\/area45.it\/index.php\/il-nostro-stile\/#primaryimage\"},\"image\":{\"@id\":\"https:\/\/area45.it\/index.php\/il-nostro-stile\/#primaryimage\"},\"thumbnailUrl\":\"https:\/\/area45.it\/wp-content\/uploads\/2023\/05\/squadra.svg\",\"datePublished\":\"2022-12-25T09:33:19+00:00\",\"dateModified\":\"2023-06-15T10:14:16+00:00\",\"description\":\"Il nostro stile. I principali valori che compongono la nostra etica lavorativa e professionale: fiducia, puntualit\u00e0, affidabilit\u00e0 e squadra.\",\"breadcrumb\":{\"@id\":\"https:\/\/area45.it\/index.php\/il-nostro-stile\/#breadcrumb\"},\"inLanguage\":\"it-IT\",\"potentialAction\":[{\"@type\":\"ReadAction\",\"target\":[\"https:\/\/area45.it\/index.php\/il-nostro-stile\/\"]}]},{\"@type\":\"ImageObject\",\"inLanguage\":\"it-IT\",\"@id\":\"https:\/\/area45.it\/index.php\/il-nostro-stile\/#primaryimage\",\"url\":\"https:\/\/area45.it\/wp-content\/uploads\/2023\/05\/squadra.svg\",\"contentUrl\":\"https:\/\/area45.it\/wp-content\/uploads\/2023\/05\/squadra.svg\",\"width\":1200,\"height\":1200,\"caption\":\"Fiducia\"},{\"@type\":\"BreadcrumbList\",\"@id\":\"https:\/\/area45.it\/index.php\/il-nostro-stile\/#breadcrumb\",\"itemListElement\":[{\"@type\":\"ListItem\",\"position\":1,\"name\":\"Home\",\"item\":\"https:\/\/area45.it\/\"},{\"@type\":\"ListItem\",\"position\":2,\"name\":\"Valori\"}]},{\"@type\":\"WebSite\",\"@id\":\"https:\/\/area45.it\/#website\",\"url\":\"https:\/\/area45.it\/\",\"name\":\"www.area45.it\",\"description\":\"\",\"publisher\":{\"@id\":\"https:\/\/area45.it\/#organization\"},\"potentialAction\":[{\"@type\":\"SearchAction\",\"target\":{\"@type\":\"EntryPoint\",\"urlTemplate\":\"https:\/\/area45.it\/?s={search_term_string}\"},\"query-input\":{\"@type\":\"PropertyValueSpecification\",\"valueRequired\":true,\"valueName\":\"search_term_string\"}}],\"inLanguage\":\"it-IT\"},{\"@type\":\"Organization\",\"@id\":\"https:\/\/area45.it\/#organization\",\"name\":\"Area45\",\"url\":\"https:\/\/area45.it\/\",\"logo\":{\"@type\":\"ImageObject\",\"inLanguage\":\"it-IT\",\"@id\":\"https:\/\/area45.it\/#\/schema\/logo\/image\/\",\"url\":\"https:\/\/area45.it\/wp-content\/uploads\/2022\/12\/logoA45.png\",\"contentUrl\":\"https:\/\/area45.it\/wp-content\/uploads\/2022\/12\/logoA45.png\",\"width\":621,\"height\":319,\"caption\":\"Area45\"},\"image\":{\"@id\":\"https:\/\/area45.it\/#\/schema\/logo\/image\/\"}}]}<\/script>\n<!-- \/ Yoast SEO plugin. -->","yoast_head_json":{"title":"Il nostro stile","description":"Il nostro stile. I principali valori che compongono la nostra etica lavorativa e professionale: fiducia, puntualit\u00e0, affidabilit\u00e0 e squadra.","robots":{"index":"index","follow":"follow","max-snippet":"max-snippet:-1","max-image-preview":"max-image-preview:large","max-video-preview":"max-video-preview:-1"},"canonical":"https:\/\/area45.it\/index.php\/il-nostro-stile\/","og_locale":"it_IT","og_type":"article","og_title":"Il nostro stile","og_description":"Il nostro stile. I principali valori che compongono la nostra etica lavorativa e professionale: fiducia, puntualit\u00e0, affidabilit\u00e0 e squadra.","og_url":"https:\/\/area45.it\/index.php\/il-nostro-stile\/","og_site_name":"Area 45","article_modified_time":"2023-06-15T10:14:16+00:00","og_image":[{"url":"https:\/\/area45.it\/wp-content\/uploads\/2023\/05\/squadra.svg","type":"","width":"","height":""}],"twitter_card":"summary_large_image","twitter_misc":{"Tempo di lettura stimato":"2 minuti"},"schema":{"@context":"https:\/\/schema.org","@graph":[{"@type":"WebPage","@id":"https:\/\/area45.it\/index.php\/il-nostro-stile\/","url":"https:\/\/area45.it\/index.php\/il-nostro-stile\/","name":"Il nostro stile","isPartOf":{"@id":"https:\/\/area45.it\/#website"},"primaryImageOfPage":{"@id":"https:\/\/area45.it\/index.php\/il-nostro-stile\/#primaryimage"},"image":{"@id":"https:\/\/area45.it\/index.php\/il-nostro-stile\/#primaryimage"},"thumbnailUrl":"https:\/\/area45.it\/wp-content\/uploads\/2023\/05\/squadra.svg","datePublished":"2022-12-25T09:33:19+00:00","dateModified":"2023-06-15T10:14:16+00:00","description":"Il nostro stile. I principali valori che compongono la nostra etica lavorativa e professionale: fiducia, puntualit\u00e0, affidabilit\u00e0 e squadra.","breadcrumb":{"@id":"https:\/\/area45.it\/index.php\/il-nostro-stile\/#breadcrumb"},"inLanguage":"it-IT","potentialAction":[{"@type":"ReadAction","target":["https:\/\/area45.it\/index.php\/il-nostro-stile\/"]}]},{"@type":"ImageObject","inLanguage":"it-IT","@id":"https:\/\/area45.it\/index.php\/il-nostro-stile\/#primaryimage","url":"https:\/\/area45.it\/wp-content\/uploads\/2023\/05\/squadra.svg","contentUrl":"https:\/\/area45.it\/wp-content\/uploads\/2023\/05\/squadra.svg","width":1200,"height":1200,"caption":"Fiducia"},{"@type":"BreadcrumbList","@id":"https:\/\/area45.it\/index.php\/il-nostro-stile\/#breadcrumb","itemListElement":[{"@type":"ListItem","position":1,"name":"Home","item":"https:\/\/area45.it\/"},{"@type":"ListItem","position":2,"name":"Valori"}]},{"@type":"WebSite","@id":"https:\/\/area45.it\/#website","url":"https:\/\/area45.it\/","name":"www.area45.it","description":"","publisher":{"@id":"https:\/\/area45.it\/#organization"},"potentialAction":[{"@type":"SearchAction","target":{"@type":"EntryPoint","urlTemplate":"https:\/\/area45.it\/?s={search_term_string}"},"query-input":{"@type":"PropertyValueSpecification","valueRequired":true,"valueName":"search_term_string"}}],"inLanguage":"it-IT"},{"@type":"Organization","@id":"https:\/\/area45.it\/#organization","name":"Area45","url":"https:\/\/area45.it\/","logo":{"@type":"ImageObject","inLanguage":"it-IT","@id":"https:\/\/area45.it\/#\/schema\/logo\/image\/","url":"https:\/\/area45.it\/wp-content\/uploads\/2022\/12\/logoA45.png","contentUrl":"https:\/\/area45.it\/wp-content\/uploads\/2022\/12\/logoA45.png","width":621,"height":319,"caption":"Area45"},"image":{"@id":"https:\/\/area45.it\/#\/schema\/logo\/image\/"}}]}},"_links":{"self":[{"href":"https:\/\/area45.it\/index.php\/wp-json\/wp\/v2\/pages\/94","targetHints":{"allow":["GET"]}}],"collection":[{"href":"https:\/\/area45.it\/index.php\/wp-json\/wp\/v2\/pages"}],"about":[{"href":"https:\/\/area45.it\/index.php\/wp-json\/wp\/v2\/types\/page"}],"author":[{"embeddable":true,"href":"https:\/\/area45.it\/index.php\/wp-json\/wp\/v2\/users\/1"}],"replies":[{"embeddable":true,"href":"https:\/\/area45.it\/index.php\/wp-json\/wp\/v2\/comments?post=94"}],"version-history":[{"count":27,"href":"https:\/\/area45.it\/index.php\/wp-json\/wp\/v2\/pages\/94\/revisions"}],"predecessor-version":[{"id":709,"href":"https:\/\/area45.it\/index.php\/wp-json\/wp\/v2\/pages\/94\/revisions\/709"}],"wp:attachment":[{"href":"https:\/\/area45.it\/index.php\/wp-json\/wp\/v2\/media?parent=94"}],"curies":[{"name":"wp","href":"https:\/\/api.w.org\/{rel}","templated":true}]}}